{"id":468,"date":"2018-11-12T14:22:03","date_gmt":"2018-11-12T13:22:03","guid":{"rendered":"https:\/\/immobilier-en-espagne.com\/blog-espagne\/?page_id=468"},"modified":"2019-01-15T13:23:25","modified_gmt":"2019-01-15T12:23:25","slug":"demande-de-rdv-telephonique","status":"publish","type":"page","link":"https:\/\/immobilier-en-espagne.com\/blog-espagne\/demande-de-rdv-telephonique\/","title":{"rendered":"DEMANDE DE RDV TELEPHONIQUE"},"content":{"rendered":"\t\t<div data-elementor-type=\"wp-page\" data-elementor-id=\"468\" class=\"elementor elementor-468 elementor-bc-flex-widget\" data-elementor-post-type=\"page\">\n\t\t\t\t\t\t<section class=\"elementor-section elementor-top-section elementor-element elementor-element-41640980 elementor-section-boxed elementor-section-height-default elementor-section-height-default\" data-id=\"41640980\" data-element_type=\"section\" data-e-type=\"section\">\n\t\t\t\t\t\t<div class=\"elementor-container elementor-column-gap-default\">\n\t\t\t\t\t<div class=\"elementor-column elementor-col-100 elementor-top-column elementor-element elementor-element-769dc091\" data-id=\"769dc091\" data-element_type=\"column\" data-e-type=\"column\">\n\t\t\t<div class=\"elementor-widget-wrap elementor-element-populated\">\n\t\t\t\t\t\t<div class=\"elementor-element elementor-element-294966d3 elementor-widget elementor-widget-shortcode\" data-id=\"294966d3\" data-element_type=\"widget\" data-e-type=\"widget\" data-widget_type=\"shortcode.default\">\n\t\t\t\t<div class=\"elementor-widget-container\">\n\t\t\t\t\t\t\t<div class=\"elementor-shortcode\">\n<div class=\"wpcf7 no-js\" id=\"wpcf7-f466-o1\" lang=\"fr-FR\" dir=\"ltr\" data-wpcf7-id=\"466\">\n<div class=\"screen-reader-response\"><p role=\"status\" aria-live=\"polite\" aria-atomic=\"true\"><\/p> <ul><\/ul><\/div>\n<form action=\"\/blog-espagne\/wp-json\/wp\/v2\/pages\/468#wpcf7-f466-o1\" method=\"post\" class=\"wpcf7-form init\" aria-label=\"Formulaire de contact\" novalidate=\"novalidate\" data-status=\"init\">\n<fieldset class=\"hidden-fields-container\"><input type=\"hidden\" name=\"_wpcf7\" value=\"466\" \/><input type=\"hidden\" name=\"_wpcf7_version\" value=\"6.1.5\" \/><input type=\"hidden\" name=\"_wpcf7_locale\" value=\"fr_FR\" \/><input type=\"hidden\" name=\"_wpcf7_unit_tag\" value=\"wpcf7-f466-o1\" \/><input type=\"hidden\" name=\"_wpcf7_container_post\" value=\"0\" \/><input type=\"hidden\" name=\"_wpcf7_posted_data_hash\" value=\"\" \/>\n<\/fieldset>\n<p><label> Votre nom (obligatoire)<br \/>\n<span class=\"wpcf7-form-control-wrap\" data-name=\"your-name\"><input size=\"40\" maxlength=\"400\" class=\"wpcf7-form-control wpcf7-text wpcf7-validates-as-required\" aria-required=\"true\" aria-invalid=\"false\" value=\"\" type=\"text\" name=\"your-name\" \/><\/span> <\/label>\n<\/p>\n<p><label> Votre adresse de messagerie (obligatoire)<br \/>\n<span class=\"wpcf7-form-control-wrap\" data-name=\"your-email\"><input size=\"40\" maxlength=\"400\" class=\"wpcf7-form-control wpcf7-email wpcf7-validates-as-required wpcf7-text wpcf7-validates-as-email\" aria-required=\"true\" aria-invalid=\"false\" value=\"\" type=\"email\" name=\"your-email\" \/><\/span> <\/label>\n<\/p>\n<p><label> Un num\u00e9ro de t\u00e9l\u00e9phone o\u00f9 vous joindre (obligatoire)<br \/>\n<span class=\"wpcf7-form-control-wrap\" data-name=\"tel-251\"><input size=\"40\" maxlength=\"400\" class=\"wpcf7-form-control wpcf7-tel wpcf7-text wpcf7-validates-as-tel\" aria-invalid=\"false\" value=\"\" type=\"tel\" name=\"tel-251\" \/><\/span><\/label>\n<\/p>\n<p>VOTRE DEMANDE DE RDV CONCERNE ?<br \/>\n<span class=\"wpcf7-form-control-wrap\" data-name=\"menu-111\"><select class=\"wpcf7-form-control wpcf7-select wpcf7-validates-as-required\" aria-required=\"true\" aria-invalid=\"false\" name=\"menu-111\"><option value=\"ACHAT EN COURS\">ACHAT EN COURS<\/option><option value=\"PROJET D&#039;ACHAT\">PROJET D&#039;ACHAT<\/option><option value=\"NIE\">NIE<\/option><option value=\"COMPTE BANCAIRE\">COMPTE BANCAIRE<\/option><option value=\"IMP\u00d4T IRNR\">IMP\u00d4T IRNR<\/option><option value=\"QUESTIONS\">QUESTIONS<\/option><option value=\"AUTRE\">AUTRE<\/option><\/select><\/span>\n<\/p>\n<p>QUAND SOUHAITEZ VOUS ETRE APPEL\u00c9 (plusieurs choix autoris\u00e9s) ?<br \/>\n<span class=\"wpcf7-form-control-wrap\" data-name=\"checkbox-946\"><span class=\"wpcf7-form-control wpcf7-checkbox wpcf7-validates-as-required\"><span class=\"wpcf7-list-item first\"><label><span class=\"wpcf7-list-item-label\">LUNDI<\/span><input type=\"checkbox\" name=\"checkbox-946[]\" value=\"LUNDI\" \/><\/label><\/span><span class=\"wpcf7-list-item\"><label><span class=\"wpcf7-list-item-label\">MARDI<\/span><input type=\"checkbox\" name=\"checkbox-946[]\" value=\"MARDI\" \/><\/label><\/span><span class=\"wpcf7-list-item\"><label><span class=\"wpcf7-list-item-label\">MERCREDI<\/span><input type=\"checkbox\" name=\"checkbox-946[]\" value=\"MERCREDI\" \/><\/label><\/span><span class=\"wpcf7-list-item\"><label><span class=\"wpcf7-list-item-label\">JEUDI<\/span><input type=\"checkbox\" name=\"checkbox-946[]\" value=\"JEUDI\" \/><\/label><\/span><span class=\"wpcf7-list-item\"><label><span class=\"wpcf7-list-item-label\">VENDREDI<\/span><input type=\"checkbox\" name=\"checkbox-946[]\" value=\"VENDREDI\" \/><\/label><\/span><span class=\"wpcf7-list-item last\"><label><span class=\"wpcf7-list-item-label\">SAMEDI<\/span><input type=\"checkbox\" name=\"checkbox-946[]\" value=\"SAMEDI\" \/><\/label><\/span><\/span><\/span>\n<\/p>\n<p>A QUELLE HEURE DE PR\u00c9F\u00c9RENCE (plusieurs choix autoris\u00e9s) ?<br \/>\n<span class=\"wpcf7-form-control-wrap\" data-name=\"checkbox-167\"><span class=\"wpcf7-form-control wpcf7-checkbox\"><span class=\"wpcf7-list-item first\"><label><span class=\"wpcf7-list-item-label\">08h30-11h<\/span><input type=\"checkbox\" name=\"checkbox-167[]\" value=\"08h30-11h\" \/><\/label><\/span><span class=\"wpcf7-list-item\"><label><span class=\"wpcf7-list-item-label\">11h-14h<\/span><input type=\"checkbox\" name=\"checkbox-167[]\" value=\"11h-14h\" \/><\/label><\/span><span class=\"wpcf7-list-item\"><label><span class=\"wpcf7-list-item-label\">14h-18h<\/span><input type=\"checkbox\" name=\"checkbox-167[]\" value=\"14h-18h\" \/><\/label><\/span><span class=\"wpcf7-list-item last\"><label><span class=\"wpcf7-list-item-label\">18h-20h<\/span><input type=\"checkbox\" name=\"checkbox-167[]\" value=\"18h-20h\" \/><\/label><\/span><\/span><\/span>\n<\/p>\n<p><label> Avez vous un message \u00e0 nous transmettre<br \/>\n<span class=\"wpcf7-form-control-wrap\" data-name=\"your-message\"><textarea cols=\"40\" rows=\"10\" maxlength=\"2000\" class=\"wpcf7-form-control wpcf7-textarea\" aria-invalid=\"false\" name=\"your-message\"><\/textarea><\/span> <\/label>\n<\/p>\n<p><input class=\"wpcf7-form-control wpcf7-submit has-spinner\" type=\"submit\" value=\"Envoyer\" \/>\n<\/p><div class=\"wpcf7-response-output\" aria-hidden=\"true\"><\/div>\n<\/form>\n<\/div>\n<\/div>\n\t\t\t\t\t\t<\/div>\n\t\t\t\t<\/div>\n\t\t\t\t\t<\/div>\n\t\t<\/div>\n\t\t\t\t\t<\/div>\n\t\t<\/section>\n\t\t\t\t<\/div>\n\t\t","protected":false},"excerpt":{"rendered":"","protected":false},"author":1,"featured_media":0,"parent":0,"menu_order":0,"comment_status":"closed","ping_status":"closed","template":"","meta":{"footnotes":""},"class_list":["post-468","page","type-page","status-publish","hentry"],"yoast_head":"<!-- This site is optimized with the Yoast SEO plugin v26.3 - https:\/\/yoast.com\/wordpress\/plugins\/seo\/ -->\n<title>DEMANDE DE RDV TELEPHONIQUE<\/title>\n<meta name=\"description\" content=\"Retrouvez toutes les DEMANDE DE RDV TELEPHONIQUE. Achat et vente de maisons, d&#039;appartements \u00e0 vendre en Espagne.\" \/>\n<meta name=\"robots\" content=\"index, follow, max-snippet:-1, max-image-preview:large, max-video-preview:-1\" \/>\n<link rel=\"canonical\" href=\"https:\/\/immobilier-en-espagne.com\/blog-espagne\/demande-de-rdv-telephonique\/\" \/>\n<meta property=\"og:locale\" content=\"fr_FR\" \/>\n<meta property=\"og:type\" content=\"article\" \/>\n<meta property=\"og:title\" content=\"DEMANDE DE RDV TELEPHONIQUE\" \/>\n<meta property=\"og:description\" content=\"Retrouvez toutes les DEMANDE DE RDV TELEPHONIQUE. Achat et vente de maisons, d&#039;appartements \u00e0 vendre en Espagne.\" \/>\n<meta property=\"og:url\" content=\"https:\/\/immobilier-en-espagne.com\/blog-espagne\/demande-de-rdv-telephonique\/\" \/>\n<meta property=\"og:site_name\" content=\"Acheter en Espagne\" \/>\n<meta property=\"article:publisher\" content=\"https:\/\/www.facebook.com\/acheterenespagne\/\" \/>\n<meta property=\"article:modified_time\" content=\"2019-01-15T12:23:25+00:00\" \/>\n<meta property=\"og:image\" content=\"https:\/\/immobilier-en-espagne.com\/blog-espagne\/wp-content\/uploads\/2026\/03\/logo.png\" \/>\n\t<meta property=\"og:image:width\" content=\"1024\" \/>\n\t<meta property=\"og:image:height\" content=\"1024\" \/>\n\t<meta property=\"og:image:type\" content=\"image\/png\" \/>\n<meta name=\"twitter:card\" content=\"summary_large_image\" \/>\n<script type=\"application\/ld+json\" class=\"yoast-schema-graph\">{\"@context\":\"https:\/\/schema.org\",\"@graph\":[{\"@type\":\"WebPage\",\"@id\":\"https:\/\/immobilier-en-espagne.com\/blog-espagne\/demande-de-rdv-telephonique\/\",\"url\":\"https:\/\/immobilier-en-espagne.com\/blog-espagne\/demande-de-rdv-telephonique\/\",\"name\":\"DEMANDE DE RDV TELEPHONIQUE\",\"isPartOf\":{\"@id\":\"https:\/\/immobilier-en-espagne.com\/blog-espagne\/#website\"},\"datePublished\":\"2018-11-12T13:22:03+00:00\",\"dateModified\":\"2019-01-15T12:23:25+00:00\",\"description\":\"Retrouvez toutes les DEMANDE DE RDV TELEPHONIQUE. Achat et vente de maisons, d'appartements \u00e0 vendre en Espagne.\",\"breadcrumb\":{\"@id\":\"https:\/\/immobilier-en-espagne.com\/blog-espagne\/demande-de-rdv-telephonique\/#breadcrumb\"},\"inLanguage\":\"fr-FR\",\"potentialAction\":[{\"@type\":\"ReadAction\",\"target\":[\"https:\/\/immobilier-en-espagne.com\/blog-espagne\/demande-de-rdv-telephonique\/\"]}]},{\"@type\":\"BreadcrumbList\",\"@id\":\"https:\/\/immobilier-en-espagne.com\/blog-espagne\/demande-de-rdv-telephonique\/#breadcrumb\",\"itemListElement\":[{\"@type\":\"ListItem\",\"position\":1,\"name\":\"\u00bb Immobilier Espagne\",\"item\":\"https:\/\/immobilier-en-espagne.com\/blog-espagne\/\"},{\"@type\":\"ListItem\",\"position\":2,\"name\":\"DEMANDE DE RDV TELEPHONIQUE\"}]},{\"@type\":\"WebSite\",\"@id\":\"https:\/\/immobilier-en-espagne.com\/blog-espagne\/#website\",\"url\":\"https:\/\/immobilier-en-espagne.com\/blog-espagne\/\",\"name\":\"Acheter en Espagne\",\"description\":\"Achat immobilier en toute s\u00e9r\u00e9nit\u00e9\",\"publisher\":{\"@id\":\"https:\/\/immobilier-en-espagne.com\/blog-espagne\/#organization\"},\"potentialAction\":[{\"@type\":\"SearchAction\",\"target\":{\"@type\":\"EntryPoint\",\"urlTemplate\":\"https:\/\/immobilier-en-espagne.com\/blog-espagne\/?s={search_term_string}\"},\"query-input\":{\"@type\":\"PropertyValueSpecification\",\"valueRequired\":true,\"valueName\":\"search_term_string\"}}],\"inLanguage\":\"fr-FR\"},{\"@type\":\"Organization\",\"@id\":\"https:\/\/immobilier-en-espagne.com\/blog-espagne\/#organization\",\"name\":\"ESPAGNE SUPPORT & Avocats francophones partenaires\",\"url\":\"https:\/\/immobilier-en-espagne.com\/blog-espagne\/\",\"logo\":{\"@type\":\"ImageObject\",\"inLanguage\":\"fr-FR\",\"@id\":\"https:\/\/immobilier-en-espagne.com\/blog-espagne\/#\/schema\/logo\/image\/\",\"url\":\"https:\/\/immobilier-en-espagne.com\/blog-espagne\/wp-content\/uploads\/2026\/03\/logo.png\",\"contentUrl\":\"https:\/\/immobilier-en-espagne.com\/blog-espagne\/wp-content\/uploads\/2026\/03\/logo.png\",\"width\":1024,\"height\":1024,\"caption\":\"ESPAGNE SUPPORT & Avocats francophones partenaires\"},\"image\":{\"@id\":\"https:\/\/immobilier-en-espagne.com\/blog-espagne\/#\/schema\/logo\/image\/\"},\"sameAs\":[\"https:\/\/www.facebook.com\/acheterenespagne\/\"]}]}<\/script>\n<!-- \/ Yoast SEO plugin. -->","yoast_head_json":{"title":"DEMANDE DE RDV TELEPHONIQUE","description":"Retrouvez toutes les DEMANDE DE RDV TELEPHONIQUE. Achat et vente de maisons, d'appartements \u00e0 vendre en Espagne.","robots":{"index":"index","follow":"follow","max-snippet":"max-snippet:-1","max-image-preview":"max-image-preview:large","max-video-preview":"max-video-preview:-1"},"canonical":"https:\/\/immobilier-en-espagne.com\/blog-espagne\/demande-de-rdv-telephonique\/","og_locale":"fr_FR","og_type":"article","og_title":"DEMANDE DE RDV TELEPHONIQUE","og_description":"Retrouvez toutes les DEMANDE DE RDV TELEPHONIQUE. Achat et vente de maisons, d'appartements \u00e0 vendre en Espagne.","og_url":"https:\/\/immobilier-en-espagne.com\/blog-espagne\/demande-de-rdv-telephonique\/","og_site_name":"Acheter en Espagne","article_publisher":"https:\/\/www.facebook.com\/acheterenespagne\/","article_modified_time":"2019-01-15T12:23:25+00:00","og_image":[{"width":1024,"height":1024,"url":"https:\/\/immobilier-en-espagne.com\/blog-espagne\/wp-content\/uploads\/2026\/03\/logo.png","type":"image\/png"}],"twitter_card":"summary_large_image","schema":{"@context":"https:\/\/schema.org","@graph":[{"@type":"WebPage","@id":"https:\/\/immobilier-en-espagne.com\/blog-espagne\/demande-de-rdv-telephonique\/","url":"https:\/\/immobilier-en-espagne.com\/blog-espagne\/demande-de-rdv-telephonique\/","name":"DEMANDE DE RDV TELEPHONIQUE","isPartOf":{"@id":"https:\/\/immobilier-en-espagne.com\/blog-espagne\/#website"},"datePublished":"2018-11-12T13:22:03+00:00","dateModified":"2019-01-15T12:23:25+00:00","description":"Retrouvez toutes les DEMANDE DE RDV TELEPHONIQUE. Achat et vente de maisons, d'appartements \u00e0 vendre en Espagne.","breadcrumb":{"@id":"https:\/\/immobilier-en-espagne.com\/blog-espagne\/demande-de-rdv-telephonique\/#breadcrumb"},"inLanguage":"fr-FR","potentialAction":[{"@type":"ReadAction","target":["https:\/\/immobilier-en-espagne.com\/blog-espagne\/demande-de-rdv-telephonique\/"]}]},{"@type":"BreadcrumbList","@id":"https:\/\/immobilier-en-espagne.com\/blog-espagne\/demande-de-rdv-telephonique\/#breadcrumb","itemListElement":[{"@type":"ListItem","position":1,"name":"\u00bb Immobilier Espagne","item":"https:\/\/immobilier-en-espagne.com\/blog-espagne\/"},{"@type":"ListItem","position":2,"name":"DEMANDE DE RDV TELEPHONIQUE"}]},{"@type":"WebSite","@id":"https:\/\/immobilier-en-espagne.com\/blog-espagne\/#website","url":"https:\/\/immobilier-en-espagne.com\/blog-espagne\/","name":"Acheter en Espagne","description":"Achat immobilier en toute s\u00e9r\u00e9nit\u00e9","publisher":{"@id":"https:\/\/immobilier-en-espagne.com\/blog-espagne\/#organization"},"potentialAction":[{"@type":"SearchAction","target":{"@type":"EntryPoint","urlTemplate":"https:\/\/immobilier-en-espagne.com\/blog-espagne\/?s={search_term_string}"},"query-input":{"@type":"PropertyValueSpecification","valueRequired":true,"valueName":"search_term_string"}}],"inLanguage":"fr-FR"},{"@type":"Organization","@id":"https:\/\/immobilier-en-espagne.com\/blog-espagne\/#organization","name":"ESPAGNE SUPPORT & Avocats francophones partenaires","url":"https:\/\/immobilier-en-espagne.com\/blog-espagne\/","logo":{"@type":"ImageObject","inLanguage":"fr-FR","@id":"https:\/\/immobilier-en-espagne.com\/blog-espagne\/#\/schema\/logo\/image\/","url":"https:\/\/immobilier-en-espagne.com\/blog-espagne\/wp-content\/uploads\/2026\/03\/logo.png","contentUrl":"https:\/\/immobilier-en-espagne.com\/blog-espagne\/wp-content\/uploads\/2026\/03\/logo.png","width":1024,"height":1024,"caption":"ESPAGNE SUPPORT & Avocats francophones partenaires"},"image":{"@id":"https:\/\/immobilier-en-espagne.com\/blog-espagne\/#\/schema\/logo\/image\/"},"sameAs":["https:\/\/www.facebook.com\/acheterenespagne\/"]}]}},"_links":{"self":[{"href":"https:\/\/immobilier-en-espagne.com\/blog-espagne\/wp-json\/wp\/v2\/pages\/468","targetHints":{"allow":["GET"]}}],"collection":[{"href":"https:\/\/immobilier-en-espagne.com\/blog-espagne\/wp-json\/wp\/v2\/pages"}],"about":[{"href":"https:\/\/immobilier-en-espagne.com\/blog-espagne\/wp-json\/wp\/v2\/types\/page"}],"author":[{"embeddable":true,"href":"https:\/\/immobilier-en-espagne.com\/blog-espagne\/wp-json\/wp\/v2\/users\/1"}],"replies":[{"embeddable":true,"href":"https:\/\/immobilier-en-espagne.com\/blog-espagne\/wp-json\/wp\/v2\/comments?post=468"}],"version-history":[{"count":0,"href":"https:\/\/immobilier-en-espagne.com\/blog-espagne\/wp-json\/wp\/v2\/pages\/468\/revisions"}],"wp:attachment":[{"href":"https:\/\/immobilier-en-espagne.com\/blog-espagne\/wp-json\/wp\/v2\/media?parent=468"}],"curies":[{"name":"wp","href":"https:\/\/api.w.org\/{rel}","templated":true}]}}