{"id":3150,"date":"2019-07-10T11:43:36","date_gmt":"2019-07-10T09:43:36","guid":{"rendered":"https:\/\/immobilier-en-espagne.com\/blog-espagne\/?page_id=3150"},"modified":"2019-09-16T11:55:25","modified_gmt":"2019-09-16T09:55:25","slug":"maps-toutes-les-agences-immobiliers-en-espagne","status":"publish","type":"page","link":"https:\/\/immobilier-en-espagne.com\/blog-espagne\/maps-toutes-les-agences-immobiliers-en-espagne\/","title":{"rendered":"MAPS TOUTES LES AGENCES IMMOBILIERS EN ESPAGNE"},"content":{"rendered":"\t\t<div data-elementor-type=\"wp-page\" data-elementor-id=\"3150\" class=\"elementor elementor-3150\" data-elementor-post-type=\"page\">\n\t\t\t\t\t\t<section class=\"elementor-section elementor-top-section elementor-element elementor-element-d25f181 elementor-section-boxed elementor-section-height-default elementor-section-height-default\" data-id=\"d25f181\" data-element_type=\"section\" data-e-type=\"section\">\n\t\t\t\t\t\t<div class=\"elementor-container elementor-column-gap-default\">\n\t\t\t\t\t<div class=\"elementor-column elementor-col-100 elementor-top-column elementor-element elementor-element-0de3d69\" data-id=\"0de3d69\" data-element_type=\"column\" data-e-type=\"column\">\n\t\t\t<div class=\"elementor-widget-wrap elementor-element-populated\">\n\t\t\t\t\t\t<div class=\"elementor-element elementor-element-9179fd4 elementor-widget elementor-widget-text-editor\" data-id=\"9179fd4\" data-element_type=\"widget\" data-e-type=\"widget\" data-widget_type=\"text-editor.default\">\n\t\t\t\t<div class=\"elementor-widget-container\">\n\t\t\t\t\t\t\t\t\t<nav class=\"breadcrumb\"><a class=\"breadcrumb-item\" href=\"https:\/\/immobilier-en-espagne.com\/\">Immobilier Espagne<\/a> \/\n<a class=\"breadcrumb-item\" href=\"https:\/\/immobilier-en-espagne.com\/blog-espagne\/maisons-a-vendre-en-espagne\/\">Portail Agences immobili\u00e8res<\/a> \/\n<span class=\"breadcrumb-item active\">MAPS AGENCES IMMOBILI\u00c8RES ESPAGNE<\/span><\/nav>\t\t\t\t\t\t\t\t<\/div>\n\t\t\t\t<\/div>\n\t\t\t\t<div class=\"elementor-element elementor-element-2e365be elementor-widget elementor-widget-heading\" data-id=\"2e365be\" data-element_type=\"widget\" data-e-type=\"widget\" data-widget_type=\"heading.default\">\n\t\t\t\t<div class=\"elementor-widget-container\">\n\t\t\t\t\t<h1 class=\"elementor-heading-title elementor-size-default\">MAPS AGENCES IMMOBILI\u00c8RES EN ESPAGNE<\/h1>\t\t\t\t<\/div>\n\t\t\t\t<\/div>\n\t\t\t\t\t<\/div>\n\t\t<\/div>\n\t\t\t\t\t<\/div>\n\t\t<\/section>\n\t\t\t\t<section class=\"elementor-section elementor-top-section elementor-element elementor-element-ac59820 elementor-section-boxed elementor-section-height-default elementor-section-height-default\" data-id=\"ac59820\" data-element_type=\"section\" data-e-type=\"section\">\n\t\t\t\t\t\t<div class=\"elementor-container elementor-column-gap-default\">\n\t\t\t\t\t<div class=\"elementor-column elementor-col-100 elementor-top-column elementor-element elementor-element-f91e35f\" data-id=\"f91e35f\" data-element_type=\"column\" data-e-type=\"column\">\n\t\t\t<div class=\"elementor-widget-wrap elementor-element-populated\">\n\t\t\t\t\t\t<div class=\"elementor-element elementor-element-76454c4 elementor-widget elementor-widget-text-editor\" data-id=\"76454c4\" data-element_type=\"widget\" data-e-type=\"widget\" data-widget_type=\"text-editor.default\">\n\t\t\t\t<div class=\"elementor-widget-container\">\n\t\t\t\t\t\t\t\t\t<p>Retrouvez toutes les agences immobili\u00e8res en Espagne sur la carte espagnole. Pour l&rsquo;achat d&rsquo;une maison en Espagne ou d&rsquo;un appartement en Espagne contactez en 1 clic toutes les agences immo du secteur.<\/p><p>Un achat immobilier \u00e0 Rosas, Rosace, Alicante, Valence ou encore Barcelone est d\u00e9sormais \u00e0 votre port\u00e9e !<\/p>\t\t\t\t\t\t\t\t<\/div>\n\t\t\t\t<\/div>\n\t\t\t\t\t<\/div>\n\t\t<\/div>\n\t\t\t\t\t<\/div>\n\t\t<\/section>\n\t\t\t\t<section class=\"elementor-section elementor-top-section elementor-element elementor-element-d9a79fd elementor-section-boxed elementor-section-height-default elementor-section-height-default\" data-id=\"d9a79fd\" data-element_type=\"section\" data-e-type=\"section\">\n\t\t\t\t\t\t<div class=\"elementor-container elementor-column-gap-default\">\n\t\t\t\t\t<div class=\"elementor-column elementor-col-100 elementor-top-column elementor-element elementor-element-71070dd\" data-id=\"71070dd\" data-element_type=\"column\" data-e-type=\"column\">\n\t\t\t<div class=\"elementor-widget-wrap elementor-element-populated\">\n\t\t\t\t\t\t<div class=\"elementor-element elementor-element-2211611 elementor-widget elementor-widget-shortcode\" data-id=\"2211611\" data-element_type=\"widget\" data-e-type=\"widget\" data-widget_type=\"shortcode.default\">\n\t\t\t\t<div class=\"elementor-widget-container\">\n\t\t\t\t\t\t\t<div class=\"elementor-shortcode\"><div class=\"wpbdp-map-container cf\" data-breakpoints='{\"small\": [0,550]}' data-breakpoints-class-prefix=\"wpbdp-map-container\">\n\n<div id=\"wpbdp-map-0\" class=\"wpbdp-map wpbdp-google-map auto\" style=\"\"><\/div>\n\n\n<\/div>\n<\/div>\n\t\t\t\t\t\t<\/div>\n\t\t\t\t<\/div>\n\t\t\t\t\t<\/div>\n\t\t<\/div>\n\t\t\t\t\t<\/div>\n\t\t<\/section>\n\t\t\t\t<\/div>\n\t\t","protected":false},"excerpt":{"rendered":"<p>Immobilier Espagne \/ Portail Agences immobili\u00e8res \/ MAPS AGENCES IMMOBILI\u00c8RES ESPAGNE MAPS AGENCES IMMOBILI\u00c8RES EN ESPAGNE Retrouvez toutes les agences immobili\u00e8res en [&hellip;]<\/p>\n","protected":false},"author":1,"featured_media":0,"parent":0,"menu_order":0,"comment_status":"closed","ping_status":"closed","template":"page-templates\/page_front-page.php","meta":{"footnotes":""},"class_list":["post-3150","page","type-page","status-publish","hentry"],"yoast_head":"<!-- This site is optimized with the Yoast SEO plugin v26.3 - https:\/\/yoast.com\/wordpress\/plugins\/seo\/ -->\n<title>MAPS TOUTES LES AGENCES IMMOBILIERS EN ESPAGNE<\/title>\n<meta name=\"description\" content=\"Retrouvez toutes les MAPS TOUTES LES AGENCES IMMOBILIERS EN ESPAGNE. Achat et vente de maisons, d&#039;appartements \u00e0 vendre en Espagne.\" \/>\n<meta name=\"robots\" content=\"index, follow, max-snippet:-1, max-image-preview:large, max-video-preview:-1\" \/>\n<link rel=\"canonical\" href=\"https:\/\/immobilier-en-espagne.com\/blog-espagne\/maps-toutes-les-agences-immobiliers-en-espagne\/\" \/>\n<meta property=\"og:locale\" content=\"fr_FR\" \/>\n<meta property=\"og:type\" content=\"article\" \/>\n<meta property=\"og:title\" content=\"MAPS TOUTES LES AGENCES IMMOBILIERS EN ESPAGNE\" \/>\n<meta property=\"og:description\" content=\"Retrouvez toutes les MAPS TOUTES LES AGENCES IMMOBILIERS EN ESPAGNE. Achat et vente de maisons, d&#039;appartements \u00e0 vendre en Espagne.\" \/>\n<meta property=\"og:url\" content=\"https:\/\/immobilier-en-espagne.com\/blog-espagne\/maps-toutes-les-agences-immobiliers-en-espagne\/\" \/>\n<meta property=\"og:site_name\" content=\"Acheter en Espagne\" \/>\n<meta property=\"article:publisher\" content=\"https:\/\/www.facebook.com\/acheterenespagne\/\" \/>\n<meta property=\"article:modified_time\" content=\"2019-09-16T09:55:25+00:00\" \/>\n<meta property=\"og:image\" content=\"https:\/\/immobilier-en-espagne.com\/blog-espagne\/wp-content\/uploads\/2026\/03\/logo.png\" \/>\n\t<meta property=\"og:image:width\" content=\"1024\" \/>\n\t<meta property=\"og:image:height\" content=\"1024\" \/>\n\t<meta property=\"og:image:type\" content=\"image\/png\" \/>\n<meta name=\"twitter:card\" content=\"summary_large_image\" \/>\n<script type=\"application\/ld+json\" class=\"yoast-schema-graph\">{\"@context\":\"https:\/\/schema.org\",\"@graph\":[{\"@type\":\"WebPage\",\"@id\":\"https:\/\/immobilier-en-espagne.com\/blog-espagne\/maps-toutes-les-agences-immobiliers-en-espagne\/\",\"url\":\"https:\/\/immobilier-en-espagne.com\/blog-espagne\/maps-toutes-les-agences-immobiliers-en-espagne\/\",\"name\":\"MAPS TOUTES LES AGENCES IMMOBILIERS EN ESPAGNE\",\"isPartOf\":{\"@id\":\"https:\/\/immobilier-en-espagne.com\/blog-espagne\/#website\"},\"datePublished\":\"2019-07-10T09:43:36+00:00\",\"dateModified\":\"2019-09-16T09:55:25+00:00\",\"description\":\"Retrouvez toutes les MAPS TOUTES LES AGENCES IMMOBILIERS EN ESPAGNE. Achat et vente de maisons, d'appartements \u00e0 vendre en Espagne.\",\"breadcrumb\":{\"@id\":\"https:\/\/immobilier-en-espagne.com\/blog-espagne\/maps-toutes-les-agences-immobiliers-en-espagne\/#breadcrumb\"},\"inLanguage\":\"fr-FR\",\"potentialAction\":[{\"@type\":\"ReadAction\",\"target\":[\"https:\/\/immobilier-en-espagne.com\/blog-espagne\/maps-toutes-les-agences-immobiliers-en-espagne\/\"]}]},{\"@type\":\"BreadcrumbList\",\"@id\":\"https:\/\/immobilier-en-espagne.com\/blog-espagne\/maps-toutes-les-agences-immobiliers-en-espagne\/#breadcrumb\",\"itemListElement\":[{\"@type\":\"ListItem\",\"position\":1,\"name\":\"\u00bb Immobilier Espagne\",\"item\":\"https:\/\/immobilier-en-espagne.com\/blog-espagne\/\"},{\"@type\":\"ListItem\",\"position\":2,\"name\":\"MAPS TOUTES LES AGENCES IMMOBILIERS EN ESPAGNE\"}]},{\"@type\":\"WebSite\",\"@id\":\"https:\/\/immobilier-en-espagne.com\/blog-espagne\/#website\",\"url\":\"https:\/\/immobilier-en-espagne.com\/blog-espagne\/\",\"name\":\"Acheter en Espagne\",\"description\":\"Achat immobilier en toute s\u00e9r\u00e9nit\u00e9\",\"publisher\":{\"@id\":\"https:\/\/immobilier-en-espagne.com\/blog-espagne\/#organization\"},\"potentialAction\":[{\"@type\":\"SearchAction\",\"target\":{\"@type\":\"EntryPoint\",\"urlTemplate\":\"https:\/\/immobilier-en-espagne.com\/blog-espagne\/?s={search_term_string}\"},\"query-input\":{\"@type\":\"PropertyValueSpecification\",\"valueRequired\":true,\"valueName\":\"search_term_string\"}}],\"inLanguage\":\"fr-FR\"},{\"@type\":\"Organization\",\"@id\":\"https:\/\/immobilier-en-espagne.com\/blog-espagne\/#organization\",\"name\":\"ESPAGNE SUPPORT & Avocats francophones partenaires\",\"url\":\"https:\/\/immobilier-en-espagne.com\/blog-espagne\/\",\"logo\":{\"@type\":\"ImageObject\",\"inLanguage\":\"fr-FR\",\"@id\":\"https:\/\/immobilier-en-espagne.com\/blog-espagne\/#\/schema\/logo\/image\/\",\"url\":\"https:\/\/immobilier-en-espagne.com\/blog-espagne\/wp-content\/uploads\/2026\/03\/logo.png\",\"contentUrl\":\"https:\/\/immobilier-en-espagne.com\/blog-espagne\/wp-content\/uploads\/2026\/03\/logo.png\",\"width\":1024,\"height\":1024,\"caption\":\"ESPAGNE SUPPORT & Avocats francophones partenaires\"},\"image\":{\"@id\":\"https:\/\/immobilier-en-espagne.com\/blog-espagne\/#\/schema\/logo\/image\/\"},\"sameAs\":[\"https:\/\/www.facebook.com\/acheterenespagne\/\"]}]}<\/script>\n<!-- \/ Yoast SEO plugin. -->","yoast_head_json":{"title":"MAPS TOUTES LES AGENCES IMMOBILIERS EN ESPAGNE","description":"Retrouvez toutes les MAPS TOUTES LES AGENCES IMMOBILIERS EN ESPAGNE. Achat et vente de maisons, d'appartements \u00e0 vendre en Espagne.","robots":{"index":"index","follow":"follow","max-snippet":"max-snippet:-1","max-image-preview":"max-image-preview:large","max-video-preview":"max-video-preview:-1"},"canonical":"https:\/\/immobilier-en-espagne.com\/blog-espagne\/maps-toutes-les-agences-immobiliers-en-espagne\/","og_locale":"fr_FR","og_type":"article","og_title":"MAPS TOUTES LES AGENCES IMMOBILIERS EN ESPAGNE","og_description":"Retrouvez toutes les MAPS TOUTES LES AGENCES IMMOBILIERS EN ESPAGNE. Achat et vente de maisons, d'appartements \u00e0 vendre en Espagne.","og_url":"https:\/\/immobilier-en-espagne.com\/blog-espagne\/maps-toutes-les-agences-immobiliers-en-espagne\/","og_site_name":"Acheter en Espagne","article_publisher":"https:\/\/www.facebook.com\/acheterenespagne\/","article_modified_time":"2019-09-16T09:55:25+00:00","og_image":[{"width":1024,"height":1024,"url":"https:\/\/immobilier-en-espagne.com\/blog-espagne\/wp-content\/uploads\/2026\/03\/logo.png","type":"image\/png"}],"twitter_card":"summary_large_image","schema":{"@context":"https:\/\/schema.org","@graph":[{"@type":"WebPage","@id":"https:\/\/immobilier-en-espagne.com\/blog-espagne\/maps-toutes-les-agences-immobiliers-en-espagne\/","url":"https:\/\/immobilier-en-espagne.com\/blog-espagne\/maps-toutes-les-agences-immobiliers-en-espagne\/","name":"MAPS TOUTES LES AGENCES IMMOBILIERS EN ESPAGNE","isPartOf":{"@id":"https:\/\/immobilier-en-espagne.com\/blog-espagne\/#website"},"datePublished":"2019-07-10T09:43:36+00:00","dateModified":"2019-09-16T09:55:25+00:00","description":"Retrouvez toutes les MAPS TOUTES LES AGENCES IMMOBILIERS EN ESPAGNE. Achat et vente de maisons, d'appartements \u00e0 vendre en Espagne.","breadcrumb":{"@id":"https:\/\/immobilier-en-espagne.com\/blog-espagne\/maps-toutes-les-agences-immobiliers-en-espagne\/#breadcrumb"},"inLanguage":"fr-FR","potentialAction":[{"@type":"ReadAction","target":["https:\/\/immobilier-en-espagne.com\/blog-espagne\/maps-toutes-les-agences-immobiliers-en-espagne\/"]}]},{"@type":"BreadcrumbList","@id":"https:\/\/immobilier-en-espagne.com\/blog-espagne\/maps-toutes-les-agences-immobiliers-en-espagne\/#breadcrumb","itemListElement":[{"@type":"ListItem","position":1,"name":"\u00bb Immobilier Espagne","item":"https:\/\/immobilier-en-espagne.com\/blog-espagne\/"},{"@type":"ListItem","position":2,"name":"MAPS TOUTES LES AGENCES IMMOBILIERS EN ESPAGNE"}]},{"@type":"WebSite","@id":"https:\/\/immobilier-en-espagne.com\/blog-espagne\/#website","url":"https:\/\/immobilier-en-espagne.com\/blog-espagne\/","name":"Acheter en Espagne","description":"Achat immobilier en toute s\u00e9r\u00e9nit\u00e9","publisher":{"@id":"https:\/\/immobilier-en-espagne.com\/blog-espagne\/#organization"},"potentialAction":[{"@type":"SearchAction","target":{"@type":"EntryPoint","urlTemplate":"https:\/\/immobilier-en-espagne.com\/blog-espagne\/?s={search_term_string}"},"query-input":{"@type":"PropertyValueSpecification","valueRequired":true,"valueName":"search_term_string"}}],"inLanguage":"fr-FR"},{"@type":"Organization","@id":"https:\/\/immobilier-en-espagne.com\/blog-espagne\/#organization","name":"ESPAGNE SUPPORT & Avocats francophones partenaires","url":"https:\/\/immobilier-en-espagne.com\/blog-espagne\/","logo":{"@type":"ImageObject","inLanguage":"fr-FR","@id":"https:\/\/immobilier-en-espagne.com\/blog-espagne\/#\/schema\/logo\/image\/","url":"https:\/\/immobilier-en-espagne.com\/blog-espagne\/wp-content\/uploads\/2026\/03\/logo.png","contentUrl":"https:\/\/immobilier-en-espagne.com\/blog-espagne\/wp-content\/uploads\/2026\/03\/logo.png","width":1024,"height":1024,"caption":"ESPAGNE SUPPORT & Avocats francophones partenaires"},"image":{"@id":"https:\/\/immobilier-en-espagne.com\/blog-espagne\/#\/schema\/logo\/image\/"},"sameAs":["https:\/\/www.facebook.com\/acheterenespagne\/"]}]}},"_links":{"self":[{"href":"https:\/\/immobilier-en-espagne.com\/blog-espagne\/wp-json\/wp\/v2\/pages\/3150","targetHints":{"allow":["GET"]}}],"collection":[{"href":"https:\/\/immobilier-en-espagne.com\/blog-espagne\/wp-json\/wp\/v2\/pages"}],"about":[{"href":"https:\/\/immobilier-en-espagne.com\/blog-espagne\/wp-json\/wp\/v2\/types\/page"}],"author":[{"embeddable":true,"href":"https:\/\/immobilier-en-espagne.com\/blog-espagne\/wp-json\/wp\/v2\/users\/1"}],"replies":[{"embeddable":true,"href":"https:\/\/immobilier-en-espagne.com\/blog-espagne\/wp-json\/wp\/v2\/comments?post=3150"}],"version-history":[{"count":1,"href":"https:\/\/immobilier-en-espagne.com\/blog-espagne\/wp-json\/wp\/v2\/pages\/3150\/revisions"}],"predecessor-version":[{"id":6191,"href":"https:\/\/immobilier-en-espagne.com\/blog-espagne\/wp-json\/wp\/v2\/pages\/3150\/revisions\/6191"}],"wp:attachment":[{"href":"https:\/\/immobilier-en-espagne.com\/blog-espagne\/wp-json\/wp\/v2\/media?parent=3150"}],"curies":[{"name":"wp","href":"https:\/\/api.w.org\/{rel}","templated":true}]}}