{"id":1019,"date":"2018-11-29T14:02:10","date_gmt":"2018-11-29T13:02:10","guid":{"rendered":"https:\/\/immobilier-en-espagne.com\/blog-espagne\/?page_id=1019"},"modified":"2019-09-11T16:17:15","modified_gmt":"2019-09-11T14:17:15","slug":"appartement-et-maison-en-espagne","status":"publish","type":"page","link":"https:\/\/immobilier-en-espagne.com\/blog-espagne\/appartement-et-maison-en-espagne\/","title":{"rendered":"APPARTEMENT ET MAISON EN ESPAGNE"},"content":{"rendered":"\t\t<div data-elementor-type=\"wp-page\" data-elementor-id=\"1019\" class=\"elementor elementor-1019\" data-elementor-post-type=\"page\">\n\t\t\t\t\t\t<section class=\"elementor-section elementor-top-section elementor-element elementor-element-6d568267 elementor-section-boxed elementor-section-height-default elementor-section-height-default\" data-id=\"6d568267\" data-element_type=\"section\" data-e-type=\"section\">\n\t\t\t\t\t\t<div class=\"elementor-container elementor-column-gap-default\">\n\t\t\t\t\t<div class=\"elementor-column elementor-col-100 elementor-top-column elementor-element elementor-element-1c9beb22\" data-id=\"1c9beb22\" data-element_type=\"column\" data-e-type=\"column\">\n\t\t\t<div class=\"elementor-widget-wrap elementor-element-populated\">\n\t\t\t\t\t\t<div class=\"elementor-element elementor-element-519bdf19 elementor-widget elementor-widget-text-editor\" data-id=\"519bdf19\" data-element_type=\"widget\" data-e-type=\"widget\" data-widget_type=\"text-editor.default\">\n\t\t\t\t<div class=\"elementor-widget-container\">\n\t\t\t\t\t\t\t\t\t<h1>Appartement et Maison \u00e0 vendre en Espagne<\/h1><p>Envie d\u2019investir dans l\u2019<a href=\"https:\/\/immobilier-en-espagne.com\">immobilier en Espagne<\/a>. Consulter les annonces de nos partenaires pour\u00a0<a href=\"https:\/\/immobilier-en-espagne.com\/blog-espagne\/agences-annonces-immobilieres-en-espagne\/\" target=\"_blank\" rel=\"noopener\">achat d&rsquo;un appartement ou d&rsquo;une maison en Espagne<\/a>\u00a0pour d\u00e9nicher le bien immobilier de vos r\u00eaves. L\u2019Espagne est le 28\u00e8me pays au monde avec ses 46 millions d\u2019habitants, est un pays de l\u2019Europe de l\u2019Ouest qui occupe la majorit\u00e9 de la P\u00e9ninsule Ib\u00e9rique.<\/p><p>La capitale de l&rsquo;Espagne\u00a0 est Madrid et malgr\u00e9 la cohabitation de plusieurs langues locales, la langue officielle est le castillan. D\u2019un point de vue g\u00e9ographique, elle partage fronti\u00e8re au nord avec la France, l\u2019Andorre et le Golfe de Gascogne.<\/p><p>A l\u2019ouest et nord-ouest elle touche le Portugal et l\u2019oc\u00e9an Atlantique respectivement. La Mer M\u00e9diterran\u00e9e borde ses c\u00f4tes au sud et \u00e0 l\u2019est. Les Iles Bal\u00e9ares, les Iles Canaries, ainsi que 2 cit\u00e9s autonomes limitrophes avec le Maroc font aussi partie de son vaste territoire (Ceuta et Melilla).<\/p><p>L\u2019Espagne compte une longue histoire. Sa position g\u00e9ographique lui a valu l\u2019influence de nombreuses civilisations. La situation politique s\u2019est stabilis\u00e9 apr\u00e8s la mort de Franco en 1975, date \u00e0 laquelle une transition d\u00e9mocratique et un mouvement culturel appel\u00e9 La Movida ont touch\u00e9 le pays, laissant place \u00e0 une monarchie constitutionnelle avec un r\u00e9gime d\u00e9mocratique parlementaire.<\/p><p>Pendant longtemps l\u2019\u00e9conomie espagnole a \u00e9t\u00e9 domin\u00e9e par l\u2019agriculture, mais d\u2019importantes mutations ont contribu\u00e9 \u00e0 la diversification de l\u2019\u00e9conomie. Les industries m\u00e9tallurgique et textiles, l\u2019extraction mini\u00e8re, la construction navale se sont d\u00e9velopp\u00e9s, ainsi que le tourisme, qui a connu un important essor et repr\u00e9sente pr\u00e8s de 5% du produit int\u00e9rieur brut du pays. Il faut dire que l\u2019Espagne jouit d\u2019un ensoleillement exceptionnel tout au long de l\u2019ann\u00e9e et que ses magnifiques plages, ses nombreux parcs naturels, sa richesse culturelle et patrimoniale, ainsi que sa gastronomie d\u2019exception constituent des atouts ind\u00e9niables pour attirer les visiteurs. Elle occupe la 4\u00e8me place touristique mondiale, juste derri\u00e8re la France, les Etats-Unis et la Chine.<\/p><p>La majorit\u00e9 de ses visiteurs proviennent de l\u2019Allemagne, de la France et du Royaume-Uni. La vie artistique et culturelle en Espagne est rythm\u00e9e par des nombreuses f\u00eates et c\u00e9l\u00e9brations traditionnelles tout au long de l\u2019ann\u00e9e, ainsi que par d\u2019importants congr\u00e8s, conventions et \u00e9v\u00e8nements sportifs (le football occupe la 1\u00e8re place dans le c\u0153ur des espagnols).<\/p><p>Au total 41 sites et monuments espagnols ont \u00e9t\u00e9 consid\u00e9r\u00e9s comme Patrimoine de l\u2019Humanit\u00e9 par l\u2019UNESCO, parmi les plus c\u00e9l\u00e8bres, l\u2019Alhambra en Grenade et la Sagrada Familia \u00e0 Barcelone, mais aussi des villes telles que Tarragona, Santiago de Compostela, Salamanca, etc. L\u2019Espagne, pays de musique, de corridas, de soleil, de mer, de f\u00eate\u2026ses vins d\u2019appellation contr\u00f4l\u00e9e, sa gastronomie typique \u00e0 base d\u2019huile d\u2019olive, de poissons et fruits de mer, son jambon ib\u00e9rique, ses tapas, gaspachos, paellas\u2026<\/p><p>Tout invite ici au farniente, on se laisse facilement aller \u00e0 une petite sieste, entre deux pas de flamencoLz<\/p>\t\t\t\t\t\t\t\t<\/div>\n\t\t\t\t<\/div>\n\t\t\t\t\t<\/div>\n\t\t<\/div>\n\t\t\t\t\t<\/div>\n\t\t<\/section>\n\t\t\t\t<section class=\"elementor-section elementor-top-section elementor-element elementor-element-b35bca7 elementor-section-boxed elementor-section-height-default elementor-section-height-default\" data-id=\"b35bca7\" data-element_type=\"section\" data-e-type=\"section\">\n\t\t\t\t\t\t<div class=\"elementor-container elementor-column-gap-default\">\n\t\t\t\t\t<div class=\"elementor-column elementor-col-100 elementor-top-column elementor-element elementor-element-c5b484e\" data-id=\"c5b484e\" data-element_type=\"column\" data-e-type=\"column\">\n\t\t\t<div class=\"elementor-widget-wrap elementor-element-populated\">\n\t\t\t\t\t\t<div class=\"elementor-element elementor-element-7ff2721 elementor-widget elementor-widget-wp-widget-search\" data-id=\"7ff2721\" data-element_type=\"widget\" data-e-type=\"widget\" data-widget_type=\"wp-widget-search.default\">\n\t\t\t\t<div class=\"elementor-widget-container\">\n\t\t\t\t\t<form role=\"search\" method=\"get\" class=\"search-form\" action=\"https:\/\/immobilier-en-espagne.com\/blog-espagne\/\">\n\t\t\t\t<label>\n\t\t\t\t\t<span class=\"screen-reader-text\">Rechercher\u00a0:<\/span>\n\t\t\t\t\t<input type=\"search\" class=\"search-field\" placeholder=\"Rechercher\u2026\" value=\"\" name=\"s\" \/>\n\t\t\t\t<\/label>\n\t\t\t\t<input type=\"submit\" class=\"search-submit\" value=\"Rechercher\" \/>\n\t\t\t<\/form>\t\t\t\t<\/div>\n\t\t\t\t<\/div>\n\t\t\t\t\t<\/div>\n\t\t<\/div>\n\t\t\t\t\t<\/div>\n\t\t<\/section>\n\t\t\t\t<section class=\"elementor-section elementor-top-section elementor-element elementor-element-54dad9f elementor-section-boxed elementor-section-height-default elementor-section-height-default\" data-id=\"54dad9f\" data-element_type=\"section\" data-e-type=\"section\">\n\t\t\t\t\t\t<div class=\"elementor-container elementor-column-gap-default\">\n\t\t\t\t\t<div class=\"elementor-column elementor-col-100 elementor-top-column elementor-element elementor-element-e88a4d3\" data-id=\"e88a4d3\" data-element_type=\"column\" data-e-type=\"column\">\n\t\t\t<div class=\"elementor-widget-wrap\">\n\t\t\t\t\t\t\t<\/div>\n\t\t<\/div>\n\t\t\t\t\t<\/div>\n\t\t<\/section>\n\t\t\t\t<section class=\"elementor-section elementor-top-section elementor-element elementor-element-0325435 elementor-section-boxed elementor-section-height-default elementor-section-height-default\" data-id=\"0325435\" data-element_type=\"section\" data-e-type=\"section\">\n\t\t\t\t\t\t<div class=\"elementor-container elementor-column-gap-default\">\n\t\t\t\t\t<div class=\"elementor-column elementor-col-100 elementor-top-column elementor-element elementor-element-c05d207\" data-id=\"c05d207\" data-element_type=\"column\" data-e-type=\"column\">\n\t\t\t<div class=\"elementor-widget-wrap elementor-element-populated\">\n\t\t\t\t\t\t<div class=\"elementor-element elementor-element-c51fca0 elementor-widget elementor-widget-heading\" data-id=\"c51fca0\" data-element_type=\"widget\" data-e-type=\"widget\" data-widget_type=\"heading.default\">\n\t\t\t\t<div class=\"elementor-widget-container\">\n\t\t\t\t\t<h1 class=\"elementor-heading-title elementor-size-default\">MAISON A VENDRE EN ESPAGNE<\/h1>\t\t\t\t<\/div>\n\t\t\t\t<\/div>\n\t\t\t\t\t<\/div>\n\t\t<\/div>\n\t\t\t\t\t<\/div>\n\t\t<\/section>\n\t\t\t\t<section class=\"elementor-section elementor-top-section elementor-element elementor-element-fa37171 elementor-section-boxed elementor-section-height-default elementor-section-height-default\" data-id=\"fa37171\" data-element_type=\"section\" data-e-type=\"section\">\n\t\t\t\t\t\t<div class=\"elementor-container elementor-column-gap-default\">\n\t\t\t\t\t<div class=\"elementor-column elementor-col-100 elementor-top-column elementor-element elementor-element-f0f5898\" data-id=\"f0f5898\" data-element_type=\"column\" data-e-type=\"column\">\n\t\t\t<div class=\"elementor-widget-wrap elementor-element-populated\">\n\t\t\t\t\t\t<div class=\"elementor-element elementor-element-0101ac3 elementor-widget elementor-widget-text-editor\" data-id=\"0101ac3\" data-element_type=\"widget\" data-e-type=\"widget\" data-widget_type=\"text-editor.default\">\n\t\t\t\t<div class=\"elementor-widget-container\">\n\t\t\t\t\t\t\t\t\t<p><a href=\"https:\/\/immobilier-en-espagne.com\/blog-espagne\/agences-annonces-immobilieres-en-espagne\/appartement-et-maison-a-vendre-valence-espagne\/\">APPARTEMENT ET MAISON A VENDRE VALENCE ESPAGNE<\/a><\/p>\t\t\t\t\t\t\t\t<\/div>\n\t\t\t\t<\/div>\n\t\t\t\t<div class=\"elementor-element elementor-element-c9d3d46 elementor-widget elementor-widget-text-editor\" data-id=\"c9d3d46\" data-element_type=\"widget\" data-e-type=\"widget\" data-widget_type=\"text-editor.default\">\n\t\t\t\t<div class=\"elementor-widget-container\">\n\t\t\t\t\t\t\t\t\t<p><a href=\"https:\/\/immobilier-en-espagne.com\/blog-espagne\/agences-annonces-immobilieres-en-espagne\/appartement-et-maison-a-vendre-barcelone-espagne\/\">APPARTEMENT ET MAISON A VENDRE BARCELONE ESPAGNE<\/a><\/p>\t\t\t\t\t\t\t\t<\/div>\n\t\t\t\t<\/div>\n\t\t\t\t<div class=\"elementor-element elementor-element-552995c elementor-widget elementor-widget-text-editor\" data-id=\"552995c\" data-element_type=\"widget\" data-e-type=\"widget\" data-widget_type=\"text-editor.default\">\n\t\t\t\t<div class=\"elementor-widget-container\">\n\t\t\t\t\t\t\t\t\t<a href=\"https:\/\/immobilier-en-espagne.com\/blog-espagne\/agences-annonces-immobilieres-en-espagne\/appartement-et-maison-a-vendre-alicante-espagne\/\">APPARTEMENT ET MAISON A VENDRE ALICANTE ESPAGNE<\/a>\t\t\t\t\t\t\t\t<\/div>\n\t\t\t\t<\/div>\n\t\t\t\t<div class=\"elementor-element elementor-element-5b2159f elementor-widget elementor-widget-text-editor\" data-id=\"5b2159f\" data-element_type=\"widget\" data-e-type=\"widget\" data-widget_type=\"text-editor.default\">\n\t\t\t\t<div class=\"elementor-widget-container\">\n\t\t\t\t\t\t\t\t\t<p><a href=\"https:\/\/immobilier-en-espagne.com\/blog-espagne\/agences-annonces-immobilieres-en-espagne\/appartement-et-maison-a-vendre-cadix-espagne\/\">APPARTEMENT ET MAISON A VENDRE CADIX ESPAGNE<\/a><\/p>\t\t\t\t\t\t\t\t<\/div>\n\t\t\t\t<\/div>\n\t\t\t\t<div class=\"elementor-element elementor-element-012ceae elementor-widget elementor-widget-text-editor\" data-id=\"012ceae\" data-element_type=\"widget\" data-e-type=\"widget\" data-widget_type=\"text-editor.default\">\n\t\t\t\t<div class=\"elementor-widget-container\">\n\t\t\t\t\t\t\t\t\t<p><a href=\"https:\/\/immobilier-en-espagne.com\/blog-espagne\/agences-annonces-immobilieres-en-espagne\/appartement-et-maison-a-vendre-seville-espagne\/\">APPARTEMENT ET MAISON A VENDRE SEVILLE ESPAGNE<\/a><\/p>\t\t\t\t\t\t\t\t<\/div>\n\t\t\t\t<\/div>\n\t\t\t\t<div class=\"elementor-element elementor-element-98ec322 elementor-widget elementor-widget-text-editor\" data-id=\"98ec322\" data-element_type=\"widget\" data-e-type=\"widget\" data-widget_type=\"text-editor.default\">\n\t\t\t\t<div class=\"elementor-widget-container\">\n\t\t\t\t\t\t\t\t\t<p><a href=\"https:\/\/immobilier-en-espagne.com\/blog-espagne\/agences-annonces-immobilieres-en-espagne\/appartement-maison-a-vendre-malaga-espagne\/\">APPARTEMENT ET MAISON A VENDRE MALAGA ESPAGNE<\/a><\/p>\t\t\t\t\t\t\t\t<\/div>\n\t\t\t\t<\/div>\n\t\t\t\t\t<\/div>\n\t\t<\/div>\n\t\t\t\t\t<\/div>\n\t\t<\/section>\n\t\t\t\t<\/div>\n\t\t","protected":false},"excerpt":{"rendered":"<p>Appartement et Maison \u00e0 vendre en Espagne Envie d\u2019investir dans l\u2019immobilier en Espagne. Consulter les annonces de nos partenaires pour\u00a0achat d&rsquo;un appartement [&hellip;]<\/p>\n","protected":false},"author":1,"featured_media":0,"parent":0,"menu_order":0,"comment_status":"closed","ping_status":"closed","template":"elementor_header_footer","meta":{"footnotes":""},"class_list":["post-1019","page","type-page","status-publish","hentry"],"yoast_head":"<!-- This site is optimized with the Yoast SEO plugin v26.3 - https:\/\/yoast.com\/wordpress\/plugins\/seo\/ -->\n<title>APPARTEMENT ET MAISON EN ESPAGNE<\/title>\n<meta name=\"description\" content=\"Retrouvez toutes les APPARTEMENT ET MAISON EN ESPAGNE. Achat et vente de maisons, d&#039;appartements \u00e0 vendre en Espagne.\" \/>\n<meta name=\"robots\" content=\"index, follow, max-snippet:-1, max-image-preview:large, max-video-preview:-1\" \/>\n<link rel=\"canonical\" href=\"https:\/\/immobilier-en-espagne.com\/blog-espagne\/appartement-et-maison-en-espagne\/\" \/>\n<meta property=\"og:locale\" content=\"fr_FR\" \/>\n<meta property=\"og:type\" content=\"article\" \/>\n<meta property=\"og:title\" content=\"APPARTEMENT ET MAISON EN ESPAGNE\" \/>\n<meta property=\"og:description\" content=\"Retrouvez toutes les APPARTEMENT ET MAISON EN ESPAGNE. Achat et vente de maisons, d&#039;appartements \u00e0 vendre en Espagne.\" \/>\n<meta property=\"og:url\" content=\"https:\/\/immobilier-en-espagne.com\/blog-espagne\/appartement-et-maison-en-espagne\/\" \/>\n<meta property=\"og:site_name\" content=\"Acheter en Espagne\" \/>\n<meta property=\"article:publisher\" content=\"https:\/\/www.facebook.com\/acheterenespagne\/\" \/>\n<meta property=\"article:modified_time\" content=\"2019-09-11T14:17:15+00:00\" \/>\n<meta property=\"og:image\" content=\"https:\/\/immobilier-en-espagne.com\/blog-espagne\/wp-content\/uploads\/2026\/03\/logo.png\" \/>\n\t<meta property=\"og:image:width\" content=\"1024\" \/>\n\t<meta property=\"og:image:height\" content=\"1024\" \/>\n\t<meta property=\"og:image:type\" content=\"image\/png\" \/>\n<meta name=\"twitter:card\" content=\"summary_large_image\" \/>\n<meta name=\"twitter:label1\" content=\"Dur\u00e9e de lecture estim\u00e9e\" \/>\n\t<meta name=\"twitter:data1\" content=\"3 minutes\" \/>\n<script type=\"application\/ld+json\" class=\"yoast-schema-graph\">{\"@context\":\"https:\/\/schema.org\",\"@graph\":[{\"@type\":\"WebPage\",\"@id\":\"https:\/\/immobilier-en-espagne.com\/blog-espagne\/appartement-et-maison-en-espagne\/\",\"url\":\"https:\/\/immobilier-en-espagne.com\/blog-espagne\/appartement-et-maison-en-espagne\/\",\"name\":\"APPARTEMENT ET MAISON EN ESPAGNE\",\"isPartOf\":{\"@id\":\"https:\/\/immobilier-en-espagne.com\/blog-espagne\/#website\"},\"datePublished\":\"2018-11-29T13:02:10+00:00\",\"dateModified\":\"2019-09-11T14:17:15+00:00\",\"description\":\"Retrouvez toutes les APPARTEMENT ET MAISON EN ESPAGNE. Achat et vente de maisons, d'appartements \u00e0 vendre en Espagne.\",\"breadcrumb\":{\"@id\":\"https:\/\/immobilier-en-espagne.com\/blog-espagne\/appartement-et-maison-en-espagne\/#breadcrumb\"},\"inLanguage\":\"fr-FR\",\"potentialAction\":[{\"@type\":\"ReadAction\",\"target\":[\"https:\/\/immobilier-en-espagne.com\/blog-espagne\/appartement-et-maison-en-espagne\/\"]}]},{\"@type\":\"BreadcrumbList\",\"@id\":\"https:\/\/immobilier-en-espagne.com\/blog-espagne\/appartement-et-maison-en-espagne\/#breadcrumb\",\"itemListElement\":[{\"@type\":\"ListItem\",\"position\":1,\"name\":\"\u00bb Immobilier Espagne\",\"item\":\"https:\/\/immobilier-en-espagne.com\/blog-espagne\/\"},{\"@type\":\"ListItem\",\"position\":2,\"name\":\"APPARTEMENT ET MAISON EN ESPAGNE\"}]},{\"@type\":\"WebSite\",\"@id\":\"https:\/\/immobilier-en-espagne.com\/blog-espagne\/#website\",\"url\":\"https:\/\/immobilier-en-espagne.com\/blog-espagne\/\",\"name\":\"Acheter en Espagne\",\"description\":\"Achat immobilier en toute s\u00e9r\u00e9nit\u00e9\",\"publisher\":{\"@id\":\"https:\/\/immobilier-en-espagne.com\/blog-espagne\/#organization\"},\"potentialAction\":[{\"@type\":\"SearchAction\",\"target\":{\"@type\":\"EntryPoint\",\"urlTemplate\":\"https:\/\/immobilier-en-espagne.com\/blog-espagne\/?s={search_term_string}\"},\"query-input\":{\"@type\":\"PropertyValueSpecification\",\"valueRequired\":true,\"valueName\":\"search_term_string\"}}],\"inLanguage\":\"fr-FR\"},{\"@type\":\"Organization\",\"@id\":\"https:\/\/immobilier-en-espagne.com\/blog-espagne\/#organization\",\"name\":\"ESPAGNE SUPPORT & Avocats francophones partenaires\",\"url\":\"https:\/\/immobilier-en-espagne.com\/blog-espagne\/\",\"logo\":{\"@type\":\"ImageObject\",\"inLanguage\":\"fr-FR\",\"@id\":\"https:\/\/immobilier-en-espagne.com\/blog-espagne\/#\/schema\/logo\/image\/\",\"url\":\"https:\/\/immobilier-en-espagne.com\/blog-espagne\/wp-content\/uploads\/2026\/03\/logo.png\",\"contentUrl\":\"https:\/\/immobilier-en-espagne.com\/blog-espagne\/wp-content\/uploads\/2026\/03\/logo.png\",\"width\":1024,\"height\":1024,\"caption\":\"ESPAGNE SUPPORT & Avocats francophones partenaires\"},\"image\":{\"@id\":\"https:\/\/immobilier-en-espagne.com\/blog-espagne\/#\/schema\/logo\/image\/\"},\"sameAs\":[\"https:\/\/www.facebook.com\/acheterenespagne\/\"]}]}<\/script>\n<!-- \/ Yoast SEO plugin. -->","yoast_head_json":{"title":"APPARTEMENT ET MAISON EN ESPAGNE","description":"Retrouvez toutes les APPARTEMENT ET MAISON EN ESPAGNE. Achat et vente de maisons, d'appartements \u00e0 vendre en Espagne.","robots":{"index":"index","follow":"follow","max-snippet":"max-snippet:-1","max-image-preview":"max-image-preview:large","max-video-preview":"max-video-preview:-1"},"canonical":"https:\/\/immobilier-en-espagne.com\/blog-espagne\/appartement-et-maison-en-espagne\/","og_locale":"fr_FR","og_type":"article","og_title":"APPARTEMENT ET MAISON EN ESPAGNE","og_description":"Retrouvez toutes les APPARTEMENT ET MAISON EN ESPAGNE. Achat et vente de maisons, d'appartements \u00e0 vendre en Espagne.","og_url":"https:\/\/immobilier-en-espagne.com\/blog-espagne\/appartement-et-maison-en-espagne\/","og_site_name":"Acheter en Espagne","article_publisher":"https:\/\/www.facebook.com\/acheterenespagne\/","article_modified_time":"2019-09-11T14:17:15+00:00","og_image":[{"width":1024,"height":1024,"url":"https:\/\/immobilier-en-espagne.com\/blog-espagne\/wp-content\/uploads\/2026\/03\/logo.png","type":"image\/png"}],"twitter_card":"summary_large_image","twitter_misc":{"Dur\u00e9e de lecture estim\u00e9e":"3 minutes"},"schema":{"@context":"https:\/\/schema.org","@graph":[{"@type":"WebPage","@id":"https:\/\/immobilier-en-espagne.com\/blog-espagne\/appartement-et-maison-en-espagne\/","url":"https:\/\/immobilier-en-espagne.com\/blog-espagne\/appartement-et-maison-en-espagne\/","name":"APPARTEMENT ET MAISON EN ESPAGNE","isPartOf":{"@id":"https:\/\/immobilier-en-espagne.com\/blog-espagne\/#website"},"datePublished":"2018-11-29T13:02:10+00:00","dateModified":"2019-09-11T14:17:15+00:00","description":"Retrouvez toutes les APPARTEMENT ET MAISON EN ESPAGNE. Achat et vente de maisons, d'appartements \u00e0 vendre en Espagne.","breadcrumb":{"@id":"https:\/\/immobilier-en-espagne.com\/blog-espagne\/appartement-et-maison-en-espagne\/#breadcrumb"},"inLanguage":"fr-FR","potentialAction":[{"@type":"ReadAction","target":["https:\/\/immobilier-en-espagne.com\/blog-espagne\/appartement-et-maison-en-espagne\/"]}]},{"@type":"BreadcrumbList","@id":"https:\/\/immobilier-en-espagne.com\/blog-espagne\/appartement-et-maison-en-espagne\/#breadcrumb","itemListElement":[{"@type":"ListItem","position":1,"name":"\u00bb Immobilier Espagne","item":"https:\/\/immobilier-en-espagne.com\/blog-espagne\/"},{"@type":"ListItem","position":2,"name":"APPARTEMENT ET MAISON EN ESPAGNE"}]},{"@type":"WebSite","@id":"https:\/\/immobilier-en-espagne.com\/blog-espagne\/#website","url":"https:\/\/immobilier-en-espagne.com\/blog-espagne\/","name":"Acheter en Espagne","description":"Achat immobilier en toute s\u00e9r\u00e9nit\u00e9","publisher":{"@id":"https:\/\/immobilier-en-espagne.com\/blog-espagne\/#organization"},"potentialAction":[{"@type":"SearchAction","target":{"@type":"EntryPoint","urlTemplate":"https:\/\/immobilier-en-espagne.com\/blog-espagne\/?s={search_term_string}"},"query-input":{"@type":"PropertyValueSpecification","valueRequired":true,"valueName":"search_term_string"}}],"inLanguage":"fr-FR"},{"@type":"Organization","@id":"https:\/\/immobilier-en-espagne.com\/blog-espagne\/#organization","name":"ESPAGNE SUPPORT & Avocats francophones partenaires","url":"https:\/\/immobilier-en-espagne.com\/blog-espagne\/","logo":{"@type":"ImageObject","inLanguage":"fr-FR","@id":"https:\/\/immobilier-en-espagne.com\/blog-espagne\/#\/schema\/logo\/image\/","url":"https:\/\/immobilier-en-espagne.com\/blog-espagne\/wp-content\/uploads\/2026\/03\/logo.png","contentUrl":"https:\/\/immobilier-en-espagne.com\/blog-espagne\/wp-content\/uploads\/2026\/03\/logo.png","width":1024,"height":1024,"caption":"ESPAGNE SUPPORT & Avocats francophones partenaires"},"image":{"@id":"https:\/\/immobilier-en-espagne.com\/blog-espagne\/#\/schema\/logo\/image\/"},"sameAs":["https:\/\/www.facebook.com\/acheterenespagne\/"]}]}},"_links":{"self":[{"href":"https:\/\/immobilier-en-espagne.com\/blog-espagne\/wp-json\/wp\/v2\/pages\/1019","targetHints":{"allow":["GET"]}}],"collection":[{"href":"https:\/\/immobilier-en-espagne.com\/blog-espagne\/wp-json\/wp\/v2\/pages"}],"about":[{"href":"https:\/\/immobilier-en-espagne.com\/blog-espagne\/wp-json\/wp\/v2\/types\/page"}],"author":[{"embeddable":true,"href":"https:\/\/immobilier-en-espagne.com\/blog-espagne\/wp-json\/wp\/v2\/users\/1"}],"replies":[{"embeddable":true,"href":"https:\/\/immobilier-en-espagne.com\/blog-espagne\/wp-json\/wp\/v2\/comments?post=1019"}],"version-history":[{"count":0,"href":"https:\/\/immobilier-en-espagne.com\/blog-espagne\/wp-json\/wp\/v2\/pages\/1019\/revisions"}],"wp:attachment":[{"href":"https:\/\/immobilier-en-espagne.com\/blog-espagne\/wp-json\/wp\/v2\/media?parent=1019"}],"curies":[{"name":"wp","href":"https:\/\/api.w.org\/{rel}","templated":true}]}}